{"id":501,"date":"2024-06-28T13:46:18","date_gmt":"2024-06-28T11:46:18","guid":{"rendered":"https:\/\/avenergy.bertastrasse1.ch\/?page_id=501"},"modified":"2024-07-18T14:59:26","modified_gmt":"2024-07-18T12:59:26","slug":"mentions-legales","status":"publish","type":"page","link":"https:\/\/powerfacts.ch\/fr\/mentions-legales\/","title":{"rendered":"Mentions l\u00e9gales"},"content":{"rendered":"\n<h2 class=\"wp-block-heading has-text-align-center\"><\/h2>\n\n\n\n<p><\/p>\n\n\n\n<p><strong>Adresse de contact <\/strong><\/p>\n\n\n\n<p>Avenergy<br>Spitalgasse 5<br>8001 Z\u00fcrich<\/p>\n\n\n\n<p>Courrier \u00e9lectronique :\u00a0<a href=\"mailto:info@avenergy.ch\">info@avenergy.ch<\/a><br><br><strong><strong>Personne habilit\u00e9e \u00e0 repr\u00e9senter l\u2019entreprise<\/strong><\/strong><\/p>\n\n\n\n<p>Roland Bilang, directeur g\u00e9n\u00e9ral<br><br><strong><strong>Inscription au registre du commerce<\/strong><\/strong><br>Nom de l\u2019entreprise enregistr\u00e9e : Avenergy<br>Num\u00e9ro d\u2019immatriculation : 107.836.282<br>Office du registre du commerce : Zurich<br><br><strong><strong>Num\u00e9ro de TVA<\/strong><\/strong><br>107.836.282<\/p>\n","protected":false},"excerpt":{"rendered":"<p>Adresse de contact AvenergySpitalgasse 58001 Z\u00fcrich Courrier \u00e9lectronique :\u00a0info@avenergy.ch Personne habilit\u00e9e \u00e0 repr\u00e9senter l\u2019entreprise Roland Bilang, directeur g\u00e9n\u00e9ral Inscription au registre du commerceNom de l\u2019entreprise enregistr\u00e9e : AvenergyNum\u00e9ro d\u2019immatriculation : 107.836.282Office du registre du commerce : Zurich Num\u00e9ro de TVA107.836.282<\/p>\n","protected":false},"author":3,"featured_media":0,"parent":0,"menu_order":0,"comment_status":"closed","ping_status":"closed","template":"","meta":{"_acf_changed":false,"inline_featured_image":false,"footnotes":""},"class_list":["post-501","page","type-page","status-publish","hentry"],"acf":[],"yoast_head":"<!-- This site is optimized with the Yoast SEO plugin v27.2 - https:\/\/yoast.com\/product\/yoast-seo-wordpress\/ -->\n<title>Mentions l\u00e9gales - Powerfacts<\/title>\n<meta name=\"robots\" content=\"index, follow, max-snippet:-1, max-image-preview:large, max-video-preview:-1\" \/>\n<link rel=\"canonical\" href=\"https:\/\/powerfacts.ch\/impressum\/\" \/>\n<meta property=\"og:locale\" content=\"fr_FR\" \/>\n<meta property=\"og:type\" content=\"article\" \/>\n<meta property=\"og:title\" content=\"Mentions l\u00e9gales - Powerfacts\" \/>\n<meta property=\"og:description\" content=\"Adresse de contact AvenergySpitalgasse 58001 Z\u00fcrich Courrier \u00e9lectronique :\u00a0info@avenergy.ch Personne habilit\u00e9e \u00e0 repr\u00e9senter l\u2019entreprise Roland Bilang, directeur g\u00e9n\u00e9ral Inscription au registre du commerceNom de l\u2019entreprise enregistr\u00e9e : AvenergyNum\u00e9ro d\u2019immatriculation : 107.836.282Office du registre du commerce : Zurich Num\u00e9ro de TVA107.836.282\" \/>\n<meta property=\"og:url\" content=\"https:\/\/powerfacts.ch\/impressum\/\" \/>\n<meta property=\"og:site_name\" content=\"Powerfacts\" \/>\n<meta property=\"article:modified_time\" content=\"2024-07-18T12:59:26+00:00\" \/>\n<meta name=\"twitter:card\" content=\"summary_large_image\" \/>\n<meta name=\"twitter:label1\" content=\"Dur\u00e9e de lecture estim\u00e9e\" \/>\n\t<meta name=\"twitter:data1\" content=\"1 minute\" \/>\n<script type=\"application\/ld+json\" class=\"yoast-schema-graph\">{\"@context\":\"https:\/\/schema.org\",\"@graph\":[{\"@type\":\"WebPage\",\"@id\":\"https:\/\/powerfacts.ch\/impressum\/\",\"url\":\"https:\/\/powerfacts.ch\/impressum\/\",\"name\":\"Mentions l\u00e9gales - Powerfacts\",\"isPartOf\":{\"@id\":\"https:\/\/powerfacts.ch\/#website\"},\"datePublished\":\"2024-06-28T11:46:18+00:00\",\"dateModified\":\"2024-07-18T12:59:26+00:00\",\"breadcrumb\":{\"@id\":\"https:\/\/powerfacts.ch\/impressum\/#breadcrumb\"},\"inLanguage\":\"fr-FR\",\"potentialAction\":[{\"@type\":\"ReadAction\",\"target\":[\"https:\/\/powerfacts.ch\/impressum\/\"]}]},{\"@type\":\"BreadcrumbList\",\"@id\":\"https:\/\/powerfacts.ch\/impressum\/#breadcrumb\",\"itemListElement\":[{\"@type\":\"ListItem\",\"position\":1,\"name\":\"Home\",\"item\":\"https:\/\/powerfacts.ch\/fr\/\"},{\"@type\":\"ListItem\",\"position\":2,\"name\":\"Mentions l\u00e9gales\"}]},{\"@type\":\"WebSite\",\"@id\":\"https:\/\/powerfacts.ch\/#website\",\"url\":\"https:\/\/powerfacts.ch\/\",\"name\":\"Powerfacts\",\"description\":\"\",\"potentialAction\":[{\"@type\":\"SearchAction\",\"target\":{\"@type\":\"EntryPoint\",\"urlTemplate\":\"https:\/\/powerfacts.ch\/?s={search_term_string}\"},\"query-input\":{\"@type\":\"PropertyValueSpecification\",\"valueRequired\":true,\"valueName\":\"search_term_string\"}}],\"inLanguage\":\"fr-FR\"}]}<\/script>\n<!-- \/ Yoast SEO plugin. -->","yoast_head_json":{"title":"Mentions l\u00e9gales - Powerfacts","robots":{"index":"index","follow":"follow","max-snippet":"max-snippet:-1","max-image-preview":"max-image-preview:large","max-video-preview":"max-video-preview:-1"},"canonical":"https:\/\/powerfacts.ch\/impressum\/","og_locale":"fr_FR","og_type":"article","og_title":"Mentions l\u00e9gales - Powerfacts","og_description":"Adresse de contact AvenergySpitalgasse 58001 Z\u00fcrich Courrier \u00e9lectronique :\u00a0info@avenergy.ch Personne habilit\u00e9e \u00e0 repr\u00e9senter l\u2019entreprise Roland Bilang, directeur g\u00e9n\u00e9ral Inscription au registre du commerceNom de l\u2019entreprise enregistr\u00e9e : AvenergyNum\u00e9ro d\u2019immatriculation : 107.836.282Office du registre du commerce : Zurich Num\u00e9ro de TVA107.836.282","og_url":"https:\/\/powerfacts.ch\/impressum\/","og_site_name":"Powerfacts","article_modified_time":"2024-07-18T12:59:26+00:00","twitter_card":"summary_large_image","twitter_misc":{"Dur\u00e9e de lecture estim\u00e9e":"1 minute"},"schema":{"@context":"https:\/\/schema.org","@graph":[{"@type":"WebPage","@id":"https:\/\/powerfacts.ch\/impressum\/","url":"https:\/\/powerfacts.ch\/impressum\/","name":"Mentions l\u00e9gales - Powerfacts","isPartOf":{"@id":"https:\/\/powerfacts.ch\/#website"},"datePublished":"2024-06-28T11:46:18+00:00","dateModified":"2024-07-18T12:59:26+00:00","breadcrumb":{"@id":"https:\/\/powerfacts.ch\/impressum\/#breadcrumb"},"inLanguage":"fr-FR","potentialAction":[{"@type":"ReadAction","target":["https:\/\/powerfacts.ch\/impressum\/"]}]},{"@type":"BreadcrumbList","@id":"https:\/\/powerfacts.ch\/impressum\/#breadcrumb","itemListElement":[{"@type":"ListItem","position":1,"name":"Home","item":"https:\/\/powerfacts.ch\/fr\/"},{"@type":"ListItem","position":2,"name":"Mentions l\u00e9gales"}]},{"@type":"WebSite","@id":"https:\/\/powerfacts.ch\/#website","url":"https:\/\/powerfacts.ch\/","name":"Powerfacts","description":"","potentialAction":[{"@type":"SearchAction","target":{"@type":"EntryPoint","urlTemplate":"https:\/\/powerfacts.ch\/?s={search_term_string}"},"query-input":{"@type":"PropertyValueSpecification","valueRequired":true,"valueName":"search_term_string"}}],"inLanguage":"fr-FR"}]}},"_links":{"self":[{"href":"https:\/\/powerfacts.ch\/fr\/wp-json\/wp\/v2\/pages\/501","targetHints":{"allow":["GET"]}}],"collection":[{"href":"https:\/\/powerfacts.ch\/fr\/wp-json\/wp\/v2\/pages"}],"about":[{"href":"https:\/\/powerfacts.ch\/fr\/wp-json\/wp\/v2\/types\/page"}],"author":[{"embeddable":true,"href":"https:\/\/powerfacts.ch\/fr\/wp-json\/wp\/v2\/users\/3"}],"replies":[{"embeddable":true,"href":"https:\/\/powerfacts.ch\/fr\/wp-json\/wp\/v2\/comments?post=501"}],"version-history":[{"count":3,"href":"https:\/\/powerfacts.ch\/fr\/wp-json\/wp\/v2\/pages\/501\/revisions"}],"predecessor-version":[{"id":654,"href":"https:\/\/powerfacts.ch\/fr\/wp-json\/wp\/v2\/pages\/501\/revisions\/654"}],"wp:attachment":[{"href":"https:\/\/powerfacts.ch\/fr\/wp-json\/wp\/v2\/media?parent=501"}],"curies":[{"name":"wp","href":"https:\/\/api.w.org\/{rel}","templated":true}]}}